{"id":851,"date":"2024-06-16T18:45:56","date_gmt":"2024-06-16T21:45:56","guid":{"rendered":"https:\/\/osaltoempreender.com.br\/site\/?page_id=851"},"modified":"2024-06-19T01:35:09","modified_gmt":"2024-06-19T04:35:09","slug":"participe-do-programa","status":"publish","type":"page","link":"https:\/\/osaltoempreender.com.br\/site\/participe-do-programa\/","title":{"rendered":"Participe do programa"},"content":{"rendered":"\n<h2 class=\"wp-block-heading has-text-align-center\">Quer aparecer no programa?<\/h2>\n\n\n\n<div style=\"height:17px\" aria-hidden=\"true\" class=\"wp-block-spacer\"><\/div>\n\n\n\n<div class=\"wp-block-stackable-columns stk-block-columns stk-block stk-66a3b39\" data-block-id=\"66a3b39\"><style>.stk-66a3b39{margin-bottom:39px !important}<\/style><div class=\"stk-row stk-inner-blocks stk-block-content stk-content-align stk-66a3b39-column\">\n<div class=\"wp-block-stackable-column stk-block-column stk-column stk-block stk-8a46500\" data-v=\"4\" data-block-id=\"8a46500\"><style>@media screen and (min-width:768px){.stk-8a46500{flex:var(--stk-flex-grow,1) 1 calc(52.9% - var(--stk-column-gap,0px) * 1 \/ 2 ) !important}}<\/style><div class=\"stk-column-wrapper stk-block-column__content stk-container stk-8a46500-container stk--no-background stk--no-padding\"><div class=\"stk-block-content stk-inner-blocks stk-8a46500-inner-blocks\">\n<h4 class=\"wp-block-heading\"><span style=\"color: var(--theme-palette-color-3, #3A4F66);\" class=\"stk-highlight\"><strong>Toda semana compartilhamos hist\u00f3rias inspiradoras de quem empreende e d\u00e1 seu pr\u00f3prio Salto!<\/strong><\/span><br><span style=\"color: var(--theme-palette-color-3, #3A4F66);\" class=\"stk-highlight\"><strong>Agora, queremos abrir espa\u00e7o para que voc\u00ea apare\u00e7a e conte sua hist\u00f3ria tamb\u00e9m.<\/strong><\/span><strong><br><br><\/strong><span style=\"color: #ffffff;background-color: var(--theme-palette-color-3, #3A4F66)\" class=\"stk-highlight\">Veja como participar!<\/span><\/h4>\n<\/div><\/div><\/div>\n\n\n\n<div class=\"wp-block-stackable-column stk-block-column stk-column stk-block stk-d67c29a\" data-v=\"4\" data-block-id=\"d67c29a\"><style>@media screen and (min-width:768px){.stk-d67c29a{flex:var(--stk-flex-grow,1) 1 calc(47.1% - var(--stk-column-gap,0px) * 1 \/ 2 ) !important}}<\/style><div class=\"stk-column-wrapper stk-block-column__content stk-container stk-d67c29a-container stk--no-background stk--no-padding\"><div class=\"stk-block-content stk-inner-blocks stk-d67c29a-inner-blocks\">\n<figure class=\"wp-block-image size-large is-resized\"><img decoding=\"async\" width=\"1024\" height=\"576\" src=\"https:\/\/osaltoempreender.com.br\/site\/wp-content\/uploads\/2024\/06\/LUC01652-1024x576.jpg\" alt=\"\" class=\"wp-image-927\" style=\"width:578px;height:auto\" srcset=\"https:\/\/osaltoempreender.com.br\/site\/wp-content\/uploads\/2024\/06\/LUC01652-1024x576.jpg 1024w, https:\/\/osaltoempreender.com.br\/site\/wp-content\/uploads\/2024\/06\/LUC01652-300x169.jpg 300w, https:\/\/osaltoempreender.com.br\/site\/wp-content\/uploads\/2024\/06\/LUC01652-768x432.jpg 768w, https:\/\/osaltoempreender.com.br\/site\/wp-content\/uploads\/2024\/06\/LUC01652-1536x865.jpg 1536w, https:\/\/osaltoempreender.com.br\/site\/wp-content\/uploads\/2024\/06\/LUC01652-2048x1153.jpg 2048w\" sizes=\"(max-width: 1024px) 100vw, 1024px\" \/><\/figure>\n<\/div><\/div><\/div>\n<\/div><\/div>\n\n\n\n<div class=\"wp-block-stackable-columns stk-block-columns stk-block stk-944122e\" data-block-id=\"944122e\"><div class=\"stk-row stk-inner-blocks stk-block-content stk-content-align stk-944122e-column\">\n<div class=\"wp-block-stackable-column stk-block-column stk-column stk-block stk-0fb9cf0\" data-v=\"4\" data-block-id=\"0fb9cf0\"><style>@media screen and (min-width:768px){.stk-0fb9cf0{flex:var(--stk-flex-grow,1) 1 calc(45.4% - var(--stk-column-gap,0px) * 2 \/ 3 ) !important}}<\/style><div class=\"stk-column-wrapper stk-block-column__content stk-container stk-0fb9cf0-container stk--no-background stk--no-padding\"><div class=\"stk-block-content stk-inner-blocks stk-0fb9cf0-inner-blocks\">\n<h2 class=\"wp-block-heading\">Balc\u00e3o de Oportunidades<\/h2>\n\n\n\n<p>Este \u00e9 o espa\u00e7o para voc\u00ea nos contar sobre o seu empreendimento e sua jornada em busca do sucesso!<\/p>\n\n\n\n<p>Para participar \u00e9 muito simples:<\/p>\n\n\n\n<ul class=\"wp-block-list\">\n<li>Grave um v\u00eddeo na horizontal, de at\u00e9 30 segundos, contando seu nome, cidade e falando sobre o seu empreendimento.<\/li>\n\n\n\n<li>Envie o v\u00eddeo para o <strong><a href=\"https:\/\/bit.ly\/4dYZmgo\">WhatsApp do Salto<\/a><\/strong>.<\/li>\n\n\n\n<li>Para garantir sua participa\u00e7\u00e3o, nos siga em todas as redes sociais: Instagram, Facebook, X e YouTube.<\/li>\n<\/ul>\n\n\n\n<p>Os melhores v\u00eddeos ser\u00e3o exibidos em rede nacional, no nosso programa. \u00c9 a oportunidade de compatilhar suas iniciativas e ser visto por empreendedores e investidores de todo o pa\u00eds!<\/p>\n<\/div><\/div><\/div>\n\n\n\n<div class=\"wp-block-stackable-column stk-block-column stk-column stk-block stk-abefff2\" data-v=\"4\" data-block-id=\"abefff2\"><style>@media screen and (min-width:768px){.stk-abefff2{flex:var(--stk-flex-grow,1) 1 calc(13.399999999999991% - var(--stk-column-gap,0px) * 2 \/ 3 ) !important}}<\/style><div class=\"stk-column-wrapper stk-block-column__content stk-container stk-abefff2-container stk--no-background stk--no-padding\"><div class=\"stk-block-content stk-inner-blocks stk-abefff2-inner-blocks\"><\/div><\/div><\/div>\n\n\n\n<div class=\"wp-block-stackable-column stk-block-column stk-column stk-block stk-c64f8c9\" data-v=\"4\" data-block-id=\"c64f8c9\"><style>@media screen and (min-width:768px){.stk-c64f8c9{flex:var(--stk-flex-grow,1) 1 calc(41.2% - var(--stk-column-gap,0px) * 2 \/ 3 ) !important}}<\/style><div class=\"stk-column-wrapper stk-block-column__content stk-container stk-c64f8c9-container stk--no-background stk--no-padding\"><div class=\"stk-block-content stk-inner-blocks stk-c64f8c9-inner-blocks\">\n<h2 class=\"wp-block-heading\">Assistindo ao programa<\/h2>\n\n\n\n<p>Se voc\u00ea n\u00e3o tem um neg\u00f3cio pr\u00f3prio, mas acompanha o nosso programa toda semana, pode aparecer na tela do Salto tamb\u00e9m!<\/p>\n\n\n\n<ul class=\"wp-block-list\">\n<li>Grave um v\u00eddeo na horizontal, de at\u00e9 30 segundos, contando seu nome, cidade e falando o que mais gosta no programa.<\/li>\n\n\n\n<li>Envie para o <strong><a href=\"https:\/\/bit.ly\/4dYZmgo\">WhatsApp do Salto<\/a><\/strong>.<\/li>\n<\/ul>\n\n\n\n<p>Vamos juntos fortalecer nossa comunidade empreendedora!<\/p>\n<\/div><\/div><\/div>\n<\/div><\/div>\n","protected":false},"excerpt":{"rendered":"<p>Quer aparecer no programa? Toda semana compartilhamos hist\u00f3rias inspiradoras de quem empreende e d\u00e1 seu pr\u00f3prio Salto!Agora, queremos abrir espa\u00e7o para que voc\u00ea apare\u00e7a e conte sua hist\u00f3ria tamb\u00e9m. Veja como participar! Balc\u00e3o de Oportunidades Este \u00e9 o espa\u00e7o para voc\u00ea nos contar sobre o seu empreendimento e sua jornada em busca do sucesso! Para [&hellip;]<\/p>\n","protected":false},"author":1,"featured_media":0,"parent":0,"menu_order":0,"comment_status":"closed","ping_status":"closed","template":"","meta":{"footnotes":""},"class_list":["post-851","page","type-page","status-publish","hentry"],"blocksy_meta":{"has_hero_section":"disabled","styles_descriptor":{"styles":{"desktop":"","tablet":"","mobile":""},"google_fonts":[],"version":6}},"yoast_head":"<!-- This site is optimized with the Yoast SEO plugin v22.9 - https:\/\/yoast.com\/wordpress\/plugins\/seo\/ -->\n<title>Participe do programa - O Salto - Empreender \u00e9 o Caminho<\/title>\n<meta name=\"robots\" content=\"index, follow, max-snippet:-1, max-image-preview:large, max-video-preview:-1\" \/>\n<link rel=\"canonical\" href=\"https:\/\/osaltoempreender.com.br\/site\/participe-do-programa\/\" \/>\n<meta property=\"og:locale\" content=\"pt_BR\" \/>\n<meta property=\"og:type\" content=\"article\" \/>\n<meta property=\"og:title\" content=\"Participe do programa - O Salto - Empreender \u00e9 o Caminho\" \/>\n<meta property=\"og:description\" content=\"Quer aparecer no programa? Toda semana compartilhamos hist\u00f3rias inspiradoras de quem empreende e d\u00e1 seu pr\u00f3prio Salto!Agora, queremos abrir espa\u00e7o para que voc\u00ea apare\u00e7a e conte sua hist\u00f3ria tamb\u00e9m. Veja como participar! Balc\u00e3o de Oportunidades Este \u00e9 o espa\u00e7o para voc\u00ea nos contar sobre o seu empreendimento e sua jornada em busca do sucesso! Para [&hellip;]\" \/>\n<meta property=\"og:url\" content=\"https:\/\/osaltoempreender.com.br\/site\/participe-do-programa\/\" \/>\n<meta property=\"og:site_name\" content=\"O Salto - Empreender \u00e9 o Caminho\" \/>\n<meta property=\"article:modified_time\" content=\"2024-06-19T04:35:09+00:00\" \/>\n<meta property=\"og:image\" content=\"https:\/\/osaltoempreender.com.br\/site\/wp-content\/uploads\/2024\/06\/LUC01652-1024x576.jpg\" \/>\n<meta name=\"twitter:card\" content=\"summary_large_image\" \/>\n<meta name=\"twitter:site\" content=\"@ProgramaOSalto\" \/>\n<meta name=\"twitter:label1\" content=\"Est. tempo de leitura\" \/>\n\t<meta name=\"twitter:data1\" content=\"2 minutos\" \/>\n<script type=\"application\/ld+json\" class=\"yoast-schema-graph\">{\"@context\":\"https:\/\/schema.org\",\"@graph\":[{\"@type\":\"WebPage\",\"@id\":\"https:\/\/osaltoempreender.com.br\/site\/participe-do-programa\/\",\"url\":\"https:\/\/osaltoempreender.com.br\/site\/participe-do-programa\/\",\"name\":\"Participe do programa - O Salto - Empreender \u00e9 o Caminho\",\"isPartOf\":{\"@id\":\"https:\/\/osaltoempreender.com.br\/site\/#website\"},\"primaryImageOfPage\":{\"@id\":\"https:\/\/osaltoempreender.com.br\/site\/participe-do-programa\/#primaryimage\"},\"image\":{\"@id\":\"https:\/\/osaltoempreender.com.br\/site\/participe-do-programa\/#primaryimage\"},\"thumbnailUrl\":\"https:\/\/osaltoempreender.com.br\/site\/wp-content\/uploads\/2024\/06\/LUC01652-1024x576.jpg\",\"datePublished\":\"2024-06-16T21:45:56+00:00\",\"dateModified\":\"2024-06-19T04:35:09+00:00\",\"breadcrumb\":{\"@id\":\"https:\/\/osaltoempreender.com.br\/site\/participe-do-programa\/#breadcrumb\"},\"inLanguage\":\"pt-BR\",\"potentialAction\":[{\"@type\":\"ReadAction\",\"target\":[\"https:\/\/osaltoempreender.com.br\/site\/participe-do-programa\/\"]}]},{\"@type\":\"ImageObject\",\"inLanguage\":\"pt-BR\",\"@id\":\"https:\/\/osaltoempreender.com.br\/site\/participe-do-programa\/#primaryimage\",\"url\":\"https:\/\/osaltoempreender.com.br\/site\/wp-content\/uploads\/2024\/06\/LUC01652-scaled.jpg\",\"contentUrl\":\"https:\/\/osaltoempreender.com.br\/site\/wp-content\/uploads\/2024\/06\/LUC01652-scaled.jpg\",\"width\":2560,\"height\":1441},{\"@type\":\"BreadcrumbList\",\"@id\":\"https:\/\/osaltoempreender.com.br\/site\/participe-do-programa\/#breadcrumb\",\"itemListElement\":[{\"@type\":\"ListItem\",\"position\":1,\"name\":\"In\u00edcio\",\"item\":\"https:\/\/osaltoempreender.com.br\/site\/\"},{\"@type\":\"ListItem\",\"position\":2,\"name\":\"Participe do programa\"}]},{\"@type\":\"WebSite\",\"@id\":\"https:\/\/osaltoempreender.com.br\/site\/#website\",\"url\":\"https:\/\/osaltoempreender.com.br\/site\/\",\"name\":\"O Salto - Empreender \u00e9 o Caminho\",\"description\":\"\",\"publisher\":{\"@id\":\"https:\/\/osaltoempreender.com.br\/site\/#organization\"},\"potentialAction\":[{\"@type\":\"SearchAction\",\"target\":{\"@type\":\"EntryPoint\",\"urlTemplate\":\"https:\/\/osaltoempreender.com.br\/site\/?s={search_term_string}\"},\"query-input\":\"required name=search_term_string\"}],\"inLanguage\":\"pt-BR\"},{\"@type\":\"Organization\",\"@id\":\"https:\/\/osaltoempreender.com.br\/site\/#organization\",\"name\":\"O Salto - Empreender \u00e9 o Caminho\",\"url\":\"https:\/\/osaltoempreender.com.br\/site\/\",\"logo\":{\"@type\":\"ImageObject\",\"inLanguage\":\"pt-BR\",\"@id\":\"https:\/\/osaltoempreender.com.br\/site\/#\/schema\/logo\/image\/\",\"url\":\"https:\/\/osaltoempreender.com.br\/site\/wp-content\/uploads\/2024\/06\/logo-topo.webp\",\"contentUrl\":\"https:\/\/osaltoempreender.com.br\/site\/wp-content\/uploads\/2024\/06\/logo-topo.webp\",\"width\":632,\"height\":200,\"caption\":\"O Salto - Empreender \u00e9 o Caminho\"},\"image\":{\"@id\":\"https:\/\/osaltoempreender.com.br\/site\/#\/schema\/logo\/image\/\"},\"sameAs\":[\"https:\/\/x.com\/ProgramaOSalto\",\"https:\/\/www.youtube.com\/@OSaltoEmpreender\",\"https:\/\/www.instagram.com\/osalto_empreender\/\"]}]}<\/script>\n<!-- \/ Yoast SEO plugin. -->","yoast_head_json":{"title":"Participe do programa - O Salto - Empreender \u00e9 o Caminho","robots":{"index":"index","follow":"follow","max-snippet":"max-snippet:-1","max-image-preview":"max-image-preview:large","max-video-preview":"max-video-preview:-1"},"canonical":"https:\/\/osaltoempreender.com.br\/site\/participe-do-programa\/","og_locale":"pt_BR","og_type":"article","og_title":"Participe do programa - O Salto - Empreender \u00e9 o Caminho","og_description":"Quer aparecer no programa? Toda semana compartilhamos hist\u00f3rias inspiradoras de quem empreende e d\u00e1 seu pr\u00f3prio Salto!Agora, queremos abrir espa\u00e7o para que voc\u00ea apare\u00e7a e conte sua hist\u00f3ria tamb\u00e9m. Veja como participar! Balc\u00e3o de Oportunidades Este \u00e9 o espa\u00e7o para voc\u00ea nos contar sobre o seu empreendimento e sua jornada em busca do sucesso! Para [&hellip;]","og_url":"https:\/\/osaltoempreender.com.br\/site\/participe-do-programa\/","og_site_name":"O Salto - Empreender \u00e9 o Caminho","article_modified_time":"2024-06-19T04:35:09+00:00","og_image":[{"url":"https:\/\/osaltoempreender.com.br\/site\/wp-content\/uploads\/2024\/06\/LUC01652-1024x576.jpg"}],"twitter_card":"summary_large_image","twitter_site":"@ProgramaOSalto","twitter_misc":{"Est. tempo de leitura":"2 minutos"},"schema":{"@context":"https:\/\/schema.org","@graph":[{"@type":"WebPage","@id":"https:\/\/osaltoempreender.com.br\/site\/participe-do-programa\/","url":"https:\/\/osaltoempreender.com.br\/site\/participe-do-programa\/","name":"Participe do programa - O Salto - Empreender \u00e9 o Caminho","isPartOf":{"@id":"https:\/\/osaltoempreender.com.br\/site\/#website"},"primaryImageOfPage":{"@id":"https:\/\/osaltoempreender.com.br\/site\/participe-do-programa\/#primaryimage"},"image":{"@id":"https:\/\/osaltoempreender.com.br\/site\/participe-do-programa\/#primaryimage"},"thumbnailUrl":"https:\/\/osaltoempreender.com.br\/site\/wp-content\/uploads\/2024\/06\/LUC01652-1024x576.jpg","datePublished":"2024-06-16T21:45:56+00:00","dateModified":"2024-06-19T04:35:09+00:00","breadcrumb":{"@id":"https:\/\/osaltoempreender.com.br\/site\/participe-do-programa\/#breadcrumb"},"inLanguage":"pt-BR","potentialAction":[{"@type":"ReadAction","target":["https:\/\/osaltoempreender.com.br\/site\/participe-do-programa\/"]}]},{"@type":"ImageObject","inLanguage":"pt-BR","@id":"https:\/\/osaltoempreender.com.br\/site\/participe-do-programa\/#primaryimage","url":"https:\/\/osaltoempreender.com.br\/site\/wp-content\/uploads\/2024\/06\/LUC01652-scaled.jpg","contentUrl":"https:\/\/osaltoempreender.com.br\/site\/wp-content\/uploads\/2024\/06\/LUC01652-scaled.jpg","width":2560,"height":1441},{"@type":"BreadcrumbList","@id":"https:\/\/osaltoempreender.com.br\/site\/participe-do-programa\/#breadcrumb","itemListElement":[{"@type":"ListItem","position":1,"name":"In\u00edcio","item":"https:\/\/osaltoempreender.com.br\/site\/"},{"@type":"ListItem","position":2,"name":"Participe do programa"}]},{"@type":"WebSite","@id":"https:\/\/osaltoempreender.com.br\/site\/#website","url":"https:\/\/osaltoempreender.com.br\/site\/","name":"O Salto - Empreender \u00e9 o Caminho","description":"","publisher":{"@id":"https:\/\/osaltoempreender.com.br\/site\/#organization"},"potentialAction":[{"@type":"SearchAction","target":{"@type":"EntryPoint","urlTemplate":"https:\/\/osaltoempreender.com.br\/site\/?s={search_term_string}"},"query-input":"required name=search_term_string"}],"inLanguage":"pt-BR"},{"@type":"Organization","@id":"https:\/\/osaltoempreender.com.br\/site\/#organization","name":"O Salto - Empreender \u00e9 o Caminho","url":"https:\/\/osaltoempreender.com.br\/site\/","logo":{"@type":"ImageObject","inLanguage":"pt-BR","@id":"https:\/\/osaltoempreender.com.br\/site\/#\/schema\/logo\/image\/","url":"https:\/\/osaltoempreender.com.br\/site\/wp-content\/uploads\/2024\/06\/logo-topo.webp","contentUrl":"https:\/\/osaltoempreender.com.br\/site\/wp-content\/uploads\/2024\/06\/logo-topo.webp","width":632,"height":200,"caption":"O Salto - Empreender \u00e9 o Caminho"},"image":{"@id":"https:\/\/osaltoempreender.com.br\/site\/#\/schema\/logo\/image\/"},"sameAs":["https:\/\/x.com\/ProgramaOSalto","https:\/\/www.youtube.com\/@OSaltoEmpreender","https:\/\/www.instagram.com\/osalto_empreender\/"]}]}},"_links":{"self":[{"href":"https:\/\/osaltoempreender.com.br\/site\/wp-json\/wp\/v2\/pages\/851","targetHints":{"allow":["GET"]}}],"collection":[{"href":"https:\/\/osaltoempreender.com.br\/site\/wp-json\/wp\/v2\/pages"}],"about":[{"href":"https:\/\/osaltoempreender.com.br\/site\/wp-json\/wp\/v2\/types\/page"}],"author":[{"embeddable":true,"href":"https:\/\/osaltoempreender.com.br\/site\/wp-json\/wp\/v2\/users\/1"}],"replies":[{"embeddable":true,"href":"https:\/\/osaltoempreender.com.br\/site\/wp-json\/wp\/v2\/comments?post=851"}],"version-history":[{"count":12,"href":"https:\/\/osaltoempreender.com.br\/site\/wp-json\/wp\/v2\/pages\/851\/revisions"}],"predecessor-version":[{"id":964,"href":"https:\/\/osaltoempreender.com.br\/site\/wp-json\/wp\/v2\/pages\/851\/revisions\/964"}],"wp:attachment":[{"href":"https:\/\/osaltoempreender.com.br\/site\/wp-json\/wp\/v2\/media?parent=851"}],"curies":[{"name":"wp","href":"https:\/\/api.w.org\/{rel}","templated":true}]}}