{"id":849,"date":"2024-06-16T18:45:43","date_gmt":"2024-06-16T21:45:43","guid":{"rendered":"https:\/\/osaltoempreender.com.br\/site\/?page_id=849"},"modified":"2024-06-19T01:33:00","modified_gmt":"2024-06-19T04:33:00","slug":"como-assistir","status":"publish","type":"page","link":"https:\/\/osaltoempreender.com.br\/site\/como-assistir\/","title":{"rendered":"Como assistir"},"content":{"rendered":"\n<div style=\"height:36px\" aria-hidden=\"true\" class=\"wp-block-spacer\"><\/div>\n\n\n\n<div class=\"wp-block-stackable-columns stk-block-columns stk-block stk-27507a3\" data-block-id=\"27507a3\"><div class=\"stk-row stk-inner-blocks stk-block-content stk-content-align stk-27507a3-column\">\n<div class=\"wp-block-stackable-column stk-block-column stk-column stk-block stk-309dd13\" data-v=\"4\" data-block-id=\"309dd13\"><style>@media screen and (min-width:768px){.stk-309dd13{flex:var(--stk-flex-grow,1) 1 calc(45% - var(--stk-column-gap,0px) * 2 \/ 3 ) !important}}<\/style><div class=\"stk-column-wrapper stk-block-column__content stk-container stk-309dd13-container stk--no-background stk--no-padding\"><div class=\"stk-block-content stk-inner-blocks stk-309dd13-inner-blocks\">\n<h2 class=\"wp-block-heading\">Pela TV<\/h2>\n\n\n\n<figure class=\"wp-block-image size-large\"><img decoding=\"async\" width=\"1024\" height=\"640\" src=\"https:\/\/osaltoempreender.com.br\/site\/wp-content\/uploads\/2024\/06\/osalto-tv-1024x640.webp\" alt=\"\" class=\"wp-image-919\" srcset=\"https:\/\/osaltoempreender.com.br\/site\/wp-content\/uploads\/2024\/06\/osalto-tv-1024x640.webp 1024w, https:\/\/osaltoempreender.com.br\/site\/wp-content\/uploads\/2024\/06\/osalto-tv-300x188.webp 300w, https:\/\/osaltoempreender.com.br\/site\/wp-content\/uploads\/2024\/06\/osalto-tv-768x480.webp 768w, https:\/\/osaltoempreender.com.br\/site\/wp-content\/uploads\/2024\/06\/osalto-tv.webp 1152w\" sizes=\"(max-width: 1024px) 100vw, 1024px\" \/><\/figure>\n\n\n\n<div style=\"height:25px\" aria-hidden=\"true\" class=\"wp-block-spacer\"><\/div>\n\n\n\n<p>O programa O Salto vai ao ar todos os s\u00e1bados, \u00e0s 19h, na tela da <strong>Record News<\/strong>.<\/p>\n\n\n\n<p>A exibi\u00e7\u00e3o \u00e9 em rede nacional e voc\u00ea pode assistir atrav\u00e9s do sinal digital, parab\u00f3lica ou TV a cabo. Confira abaixo algumas op\u00e7\u00f5es:<\/p>\n\n\n\n<p><strong>Claro TV<\/strong> &#8211; Canal 78 e 578<br><strong>Oi TV<\/strong> &#8211; Canal 14<br><strong>Vivo TV<\/strong> &#8211; Canal 586<br><strong>Sky<\/strong> &#8211; Canal 19<\/p>\n<\/div><\/div><\/div>\n\n\n\n<div class=\"wp-block-stackable-column stk-block-column stk-column stk-block stk-d9bb491\" data-v=\"4\" data-block-id=\"d9bb491\"><style>@media screen and (min-width:768px){.stk-d9bb491{flex:var(--stk-flex-grow,1) 1 calc(9.999999999999998% - var(--stk-column-gap,0px) * 2 \/ 3 ) !important}}<\/style><div class=\"stk-column-wrapper stk-block-column__content stk-container stk-d9bb491-container stk--no-background stk--no-padding\"><div class=\"stk-block-content stk-inner-blocks stk-d9bb491-inner-blocks\"><\/div><\/div><\/div>\n\n\n\n<div class=\"wp-block-stackable-column stk-block-column stk-column stk-block stk-f688bdb\" data-v=\"4\" data-block-id=\"f688bdb\"><style>@media screen and (min-width:768px){.stk-f688bdb{flex:var(--stk-flex-grow,1) 1 calc(45% - var(--stk-column-gap,0px) * 2 \/ 3 ) !important}}<\/style><div class=\"stk-column-wrapper stk-block-column__content stk-container stk-f688bdb-container stk--no-background stk--no-padding\"><div class=\"stk-block-content stk-inner-blocks stk-f688bdb-inner-blocks\">\n<h2 class=\"wp-block-heading\">Pela Internet<\/h2>\n\n\n\n<figure class=\"wp-block-image size-large\"><img decoding=\"async\" width=\"1024\" height=\"640\" src=\"https:\/\/osaltoempreender.com.br\/site\/wp-content\/uploads\/2024\/06\/osalto-internet-1024x640.webp\" alt=\"\" class=\"wp-image-924\" srcset=\"https:\/\/osaltoempreender.com.br\/site\/wp-content\/uploads\/2024\/06\/osalto-internet-1024x640.webp 1024w, https:\/\/osaltoempreender.com.br\/site\/wp-content\/uploads\/2024\/06\/osalto-internet-300x188.webp 300w, https:\/\/osaltoempreender.com.br\/site\/wp-content\/uploads\/2024\/06\/osalto-internet-768x480.webp 768w, https:\/\/osaltoempreender.com.br\/site\/wp-content\/uploads\/2024\/06\/osalto-internet.webp 1152w\" sizes=\"(max-width: 1024px) 100vw, 1024px\" \/><\/figure>\n\n\n\n<div style=\"height:25px\" aria-hidden=\"true\" class=\"wp-block-spacer\"><\/div>\n\n\n\n<p>Voc\u00ea tamb\u00e9m pode acompanhar o programa pela internet.<br>Assista <strong>ao vivo<\/strong> atrav\u00e9s do <a href=\"https:\/\/www.youtube.com\/@recordnews\">YouTube da Record News<\/a>, todos os s\u00e1bados, \u00e0s 19h.<\/p>\n\n\n\n<p>E inscreva-se no <a href=\"https:\/\/www.youtube.com\/@OSaltoEmpreender\">nosso canal<\/a> para acompanhar conte\u00fados exclusivos do programa.<\/p>\n<\/div><\/div><\/div>\n<\/div><\/div>\n\n\n\n<div class=\"wp-block-stackable-columns stk-block-columns stk-block stk-35858c3\" data-block-id=\"35858c3\"><div class=\"stk-row stk-inner-blocks stk-block-content stk-content-align stk-35858c3-column\">\n<div class=\"wp-block-stackable-column stk-block-column stk-column stk-block stk-60829e7\" data-v=\"4\" data-block-id=\"60829e7\"><div class=\"stk-column-wrapper stk-block-column__content stk-container stk-60829e7-container stk--no-background stk--no-padding\"><div class=\"stk-block-content stk-inner-blocks stk-60829e7-inner-blocks\"><\/div><\/div><\/div>\n<\/div><\/div>\n\n\n\n<p><\/p>\n","protected":false},"excerpt":{"rendered":"<p>Pela TV O programa O Salto vai ao ar todos os s\u00e1bados, \u00e0s 19h, na tela da Record News. A exibi\u00e7\u00e3o \u00e9 em rede nacional e voc\u00ea pode assistir atrav\u00e9s do sinal digital, parab\u00f3lica ou TV a cabo. Confira abaixo algumas op\u00e7\u00f5es: Claro TV &#8211; Canal 78 e 578Oi TV &#8211; Canal 14Vivo TV &#8211; [&hellip;]<\/p>\n","protected":false},"author":1,"featured_media":0,"parent":0,"menu_order":0,"comment_status":"closed","ping_status":"closed","template":"","meta":{"footnotes":""},"class_list":["post-849","page","type-page","status-publish","hentry"],"blocksy_meta":{"has_hero_section":"disabled","page_structure_type":"default","styles_descriptor":{"styles":{"desktop":"","tablet":"","mobile":""},"google_fonts":[],"version":6}},"yoast_head":"<!-- This site is optimized with the Yoast SEO plugin v22.9 - https:\/\/yoast.com\/wordpress\/plugins\/seo\/ -->\n<title>Como assistir - O Salto - Empreender \u00e9 o Caminho<\/title>\n<meta name=\"robots\" content=\"index, follow, max-snippet:-1, max-image-preview:large, max-video-preview:-1\" \/>\n<link rel=\"canonical\" href=\"https:\/\/osaltoempreender.com.br\/site\/como-assistir\/\" \/>\n<meta property=\"og:locale\" content=\"pt_BR\" \/>\n<meta property=\"og:type\" content=\"article\" \/>\n<meta property=\"og:title\" content=\"Como assistir - O Salto - Empreender \u00e9 o Caminho\" \/>\n<meta property=\"og:description\" content=\"Pela TV O programa O Salto vai ao ar todos os s\u00e1bados, \u00e0s 19h, na tela da Record News. A exibi\u00e7\u00e3o \u00e9 em rede nacional e voc\u00ea pode assistir atrav\u00e9s do sinal digital, parab\u00f3lica ou TV a cabo. Confira abaixo algumas op\u00e7\u00f5es: Claro TV &#8211; Canal 78 e 578Oi TV &#8211; Canal 14Vivo TV &#8211; [&hellip;]\" \/>\n<meta property=\"og:url\" content=\"https:\/\/osaltoempreender.com.br\/site\/como-assistir\/\" \/>\n<meta property=\"og:site_name\" content=\"O Salto - Empreender \u00e9 o Caminho\" \/>\n<meta property=\"article:modified_time\" content=\"2024-06-19T04:33:00+00:00\" \/>\n<meta property=\"og:image\" content=\"https:\/\/osaltoempreender.com.br\/site\/wp-content\/uploads\/2024\/06\/osalto-tv-1024x640.webp\" \/>\n<meta name=\"twitter:card\" content=\"summary_large_image\" \/>\n<meta name=\"twitter:site\" content=\"@ProgramaOSalto\" \/>\n<meta name=\"twitter:label1\" content=\"Est. tempo de leitura\" \/>\n\t<meta name=\"twitter:data1\" content=\"1 minuto\" \/>\n<script type=\"application\/ld+json\" class=\"yoast-schema-graph\">{\"@context\":\"https:\/\/schema.org\",\"@graph\":[{\"@type\":\"WebPage\",\"@id\":\"https:\/\/osaltoempreender.com.br\/site\/como-assistir\/\",\"url\":\"https:\/\/osaltoempreender.com.br\/site\/como-assistir\/\",\"name\":\"Como assistir - O Salto - Empreender \u00e9 o Caminho\",\"isPartOf\":{\"@id\":\"https:\/\/osaltoempreender.com.br\/site\/#website\"},\"primaryImageOfPage\":{\"@id\":\"https:\/\/osaltoempreender.com.br\/site\/como-assistir\/#primaryimage\"},\"image\":{\"@id\":\"https:\/\/osaltoempreender.com.br\/site\/como-assistir\/#primaryimage\"},\"thumbnailUrl\":\"https:\/\/osaltoempreender.com.br\/site\/wp-content\/uploads\/2024\/06\/osalto-tv-1024x640.webp\",\"datePublished\":\"2024-06-16T21:45:43+00:00\",\"dateModified\":\"2024-06-19T04:33:00+00:00\",\"breadcrumb\":{\"@id\":\"https:\/\/osaltoempreender.com.br\/site\/como-assistir\/#breadcrumb\"},\"inLanguage\":\"pt-BR\",\"potentialAction\":[{\"@type\":\"ReadAction\",\"target\":[\"https:\/\/osaltoempreender.com.br\/site\/como-assistir\/\"]}]},{\"@type\":\"ImageObject\",\"inLanguage\":\"pt-BR\",\"@id\":\"https:\/\/osaltoempreender.com.br\/site\/como-assistir\/#primaryimage\",\"url\":\"https:\/\/osaltoempreender.com.br\/site\/wp-content\/uploads\/2024\/06\/osalto-tv-1024x640.webp\",\"contentUrl\":\"https:\/\/osaltoempreender.com.br\/site\/wp-content\/uploads\/2024\/06\/osalto-tv-1024x640.webp\"},{\"@type\":\"BreadcrumbList\",\"@id\":\"https:\/\/osaltoempreender.com.br\/site\/como-assistir\/#breadcrumb\",\"itemListElement\":[{\"@type\":\"ListItem\",\"position\":1,\"name\":\"In\u00edcio\",\"item\":\"https:\/\/osaltoempreender.com.br\/site\/\"},{\"@type\":\"ListItem\",\"position\":2,\"name\":\"Como assistir\"}]},{\"@type\":\"WebSite\",\"@id\":\"https:\/\/osaltoempreender.com.br\/site\/#website\",\"url\":\"https:\/\/osaltoempreender.com.br\/site\/\",\"name\":\"O Salto - Empreender \u00e9 o Caminho\",\"description\":\"\",\"publisher\":{\"@id\":\"https:\/\/osaltoempreender.com.br\/site\/#organization\"},\"potentialAction\":[{\"@type\":\"SearchAction\",\"target\":{\"@type\":\"EntryPoint\",\"urlTemplate\":\"https:\/\/osaltoempreender.com.br\/site\/?s={search_term_string}\"},\"query-input\":\"required name=search_term_string\"}],\"inLanguage\":\"pt-BR\"},{\"@type\":\"Organization\",\"@id\":\"https:\/\/osaltoempreender.com.br\/site\/#organization\",\"name\":\"O Salto - Empreender \u00e9 o Caminho\",\"url\":\"https:\/\/osaltoempreender.com.br\/site\/\",\"logo\":{\"@type\":\"ImageObject\",\"inLanguage\":\"pt-BR\",\"@id\":\"https:\/\/osaltoempreender.com.br\/site\/#\/schema\/logo\/image\/\",\"url\":\"https:\/\/osaltoempreender.com.br\/site\/wp-content\/uploads\/2024\/06\/logo-topo.webp\",\"contentUrl\":\"https:\/\/osaltoempreender.com.br\/site\/wp-content\/uploads\/2024\/06\/logo-topo.webp\",\"width\":632,\"height\":200,\"caption\":\"O Salto - Empreender \u00e9 o Caminho\"},\"image\":{\"@id\":\"https:\/\/osaltoempreender.com.br\/site\/#\/schema\/logo\/image\/\"},\"sameAs\":[\"https:\/\/x.com\/ProgramaOSalto\",\"https:\/\/www.youtube.com\/@OSaltoEmpreender\",\"https:\/\/www.instagram.com\/osalto_empreender\/\"]}]}<\/script>\n<!-- \/ Yoast SEO plugin. -->","yoast_head_json":{"title":"Como assistir - O Salto - Empreender \u00e9 o Caminho","robots":{"index":"index","follow":"follow","max-snippet":"max-snippet:-1","max-image-preview":"max-image-preview:large","max-video-preview":"max-video-preview:-1"},"canonical":"https:\/\/osaltoempreender.com.br\/site\/como-assistir\/","og_locale":"pt_BR","og_type":"article","og_title":"Como assistir - O Salto - Empreender \u00e9 o Caminho","og_description":"Pela TV O programa O Salto vai ao ar todos os s\u00e1bados, \u00e0s 19h, na tela da Record News. A exibi\u00e7\u00e3o \u00e9 em rede nacional e voc\u00ea pode assistir atrav\u00e9s do sinal digital, parab\u00f3lica ou TV a cabo. Confira abaixo algumas op\u00e7\u00f5es: Claro TV &#8211; Canal 78 e 578Oi TV &#8211; Canal 14Vivo TV &#8211; [&hellip;]","og_url":"https:\/\/osaltoempreender.com.br\/site\/como-assistir\/","og_site_name":"O Salto - Empreender \u00e9 o Caminho","article_modified_time":"2024-06-19T04:33:00+00:00","og_image":[{"url":"https:\/\/osaltoempreender.com.br\/site\/wp-content\/uploads\/2024\/06\/osalto-tv-1024x640.webp"}],"twitter_card":"summary_large_image","twitter_site":"@ProgramaOSalto","twitter_misc":{"Est. tempo de leitura":"1 minuto"},"schema":{"@context":"https:\/\/schema.org","@graph":[{"@type":"WebPage","@id":"https:\/\/osaltoempreender.com.br\/site\/como-assistir\/","url":"https:\/\/osaltoempreender.com.br\/site\/como-assistir\/","name":"Como assistir - O Salto - Empreender \u00e9 o Caminho","isPartOf":{"@id":"https:\/\/osaltoempreender.com.br\/site\/#website"},"primaryImageOfPage":{"@id":"https:\/\/osaltoempreender.com.br\/site\/como-assistir\/#primaryimage"},"image":{"@id":"https:\/\/osaltoempreender.com.br\/site\/como-assistir\/#primaryimage"},"thumbnailUrl":"https:\/\/osaltoempreender.com.br\/site\/wp-content\/uploads\/2024\/06\/osalto-tv-1024x640.webp","datePublished":"2024-06-16T21:45:43+00:00","dateModified":"2024-06-19T04:33:00+00:00","breadcrumb":{"@id":"https:\/\/osaltoempreender.com.br\/site\/como-assistir\/#breadcrumb"},"inLanguage":"pt-BR","potentialAction":[{"@type":"ReadAction","target":["https:\/\/osaltoempreender.com.br\/site\/como-assistir\/"]}]},{"@type":"ImageObject","inLanguage":"pt-BR","@id":"https:\/\/osaltoempreender.com.br\/site\/como-assistir\/#primaryimage","url":"https:\/\/osaltoempreender.com.br\/site\/wp-content\/uploads\/2024\/06\/osalto-tv-1024x640.webp","contentUrl":"https:\/\/osaltoempreender.com.br\/site\/wp-content\/uploads\/2024\/06\/osalto-tv-1024x640.webp"},{"@type":"BreadcrumbList","@id":"https:\/\/osaltoempreender.com.br\/site\/como-assistir\/#breadcrumb","itemListElement":[{"@type":"ListItem","position":1,"name":"In\u00edcio","item":"https:\/\/osaltoempreender.com.br\/site\/"},{"@type":"ListItem","position":2,"name":"Como assistir"}]},{"@type":"WebSite","@id":"https:\/\/osaltoempreender.com.br\/site\/#website","url":"https:\/\/osaltoempreender.com.br\/site\/","name":"O Salto - Empreender \u00e9 o Caminho","description":"","publisher":{"@id":"https:\/\/osaltoempreender.com.br\/site\/#organization"},"potentialAction":[{"@type":"SearchAction","target":{"@type":"EntryPoint","urlTemplate":"https:\/\/osaltoempreender.com.br\/site\/?s={search_term_string}"},"query-input":"required name=search_term_string"}],"inLanguage":"pt-BR"},{"@type":"Organization","@id":"https:\/\/osaltoempreender.com.br\/site\/#organization","name":"O Salto - Empreender \u00e9 o Caminho","url":"https:\/\/osaltoempreender.com.br\/site\/","logo":{"@type":"ImageObject","inLanguage":"pt-BR","@id":"https:\/\/osaltoempreender.com.br\/site\/#\/schema\/logo\/image\/","url":"https:\/\/osaltoempreender.com.br\/site\/wp-content\/uploads\/2024\/06\/logo-topo.webp","contentUrl":"https:\/\/osaltoempreender.com.br\/site\/wp-content\/uploads\/2024\/06\/logo-topo.webp","width":632,"height":200,"caption":"O Salto - Empreender \u00e9 o Caminho"},"image":{"@id":"https:\/\/osaltoempreender.com.br\/site\/#\/schema\/logo\/image\/"},"sameAs":["https:\/\/x.com\/ProgramaOSalto","https:\/\/www.youtube.com\/@OSaltoEmpreender","https:\/\/www.instagram.com\/osalto_empreender\/"]}]}},"_links":{"self":[{"href":"https:\/\/osaltoempreender.com.br\/site\/wp-json\/wp\/v2\/pages\/849","targetHints":{"allow":["GET"]}}],"collection":[{"href":"https:\/\/osaltoempreender.com.br\/site\/wp-json\/wp\/v2\/pages"}],"about":[{"href":"https:\/\/osaltoempreender.com.br\/site\/wp-json\/wp\/v2\/types\/page"}],"author":[{"embeddable":true,"href":"https:\/\/osaltoempreender.com.br\/site\/wp-json\/wp\/v2\/users\/1"}],"replies":[{"embeddable":true,"href":"https:\/\/osaltoempreender.com.br\/site\/wp-json\/wp\/v2\/comments?post=849"}],"version-history":[{"count":7,"href":"https:\/\/osaltoempreender.com.br\/site\/wp-json\/wp\/v2\/pages\/849\/revisions"}],"predecessor-version":[{"id":961,"href":"https:\/\/osaltoempreender.com.br\/site\/wp-json\/wp\/v2\/pages\/849\/revisions\/961"}],"wp:attachment":[{"href":"https:\/\/osaltoempreender.com.br\/site\/wp-json\/wp\/v2\/media?parent=849"}],"curies":[{"name":"wp","href":"https:\/\/api.w.org\/{rel}","templated":true}]}}