{"id":845,"date":"2024-06-16T18:44:54","date_gmt":"2024-06-16T21:44:54","guid":{"rendered":"https:\/\/osaltoempreender.com.br\/site\/?page_id=845"},"modified":"2024-06-17T13:50:27","modified_gmt":"2024-06-17T16:50:27","slug":"mei","status":"publish","type":"page","link":"https:\/\/osaltoempreender.com.br\/site\/mei\/","title":{"rendered":"MEI"},"content":{"rendered":"\n<div class=\"wp-block-stackable-columns stk-block-columns stk-block stk-133b3d8\" data-block-id=\"133b3d8\"><style>.stk-133b3d8{margin-bottom:30px !important}<\/style><div class=\"stk-row stk-inner-blocks stk-block-content stk-content-align stk-133b3d8-column\">\n<div class=\"wp-block-stackable-column stk-block-column stk-column stk-block stk-e909feb\" data-v=\"4\" data-block-id=\"e909feb\"><div class=\"stk-column-wrapper stk-block-column__content stk-container stk-e909feb-container stk--no-background stk--no-padding\"><div class=\"stk-block-content stk-inner-blocks stk-e909feb-inner-blocks\">\n<figure class=\"wp-block-image size-full\"><img decoding=\"async\" width=\"700\" height=\"400\" src=\"https:\/\/osaltoempreender.com.br\/site\/wp-content\/uploads\/2024\/06\/Sebrai-pg-MEI-Headers-Formalizacao.png\" alt=\"\" class=\"wp-image-899\" srcset=\"https:\/\/osaltoempreender.com.br\/site\/wp-content\/uploads\/2024\/06\/Sebrai-pg-MEI-Headers-Formalizacao.png 700w, https:\/\/osaltoempreender.com.br\/site\/wp-content\/uploads\/2024\/06\/Sebrai-pg-MEI-Headers-Formalizacao-300x171.png 300w\" sizes=\"(max-width: 700px) 100vw, 700px\" \/><\/figure>\n<\/div><\/div><\/div>\n\n\n\n<div class=\"wp-block-stackable-column stk-block-column stk-column stk-block stk-9578860\" data-v=\"4\" data-block-id=\"9578860\"><div class=\"stk-column-wrapper stk-block-column__content stk-container stk-9578860-container stk--no-background stk--no-padding\"><div class=\"stk-block-content stk-inner-blocks stk-9578860-inner-blocks\">\n<div class=\"wp-block-stackable-heading stk-block-heading stk-block-heading--v2 stk-block stk-c1e4e15\" id=\"voce-sabe-o-que-e-mei\" data-block-id=\"c1e4e15\"><h2 class=\"stk-block-heading__text\">Voc\u00ea sabe o que \u00e9 MEI?<\/h2><\/div>\n\n\n\n<p>Microempreendedor Individual (MEI)\u00a0<strong>\u00e9 a forma mais simples de o empreendedor se formalizar<\/strong>, com um CNPJ.<br><br>Uma vez formalizado como MEI, o empres\u00e1rio pode emitir notas fiscais com facilidade, abrir uma conta empresarial e ter acesso \u00e0 empr\u00e9stimos com melhores taxas de juros. Al\u00e9m disso, pode contribuir para a aposentadoria e receber\u00a0<strong>benef\u00edcios de seguridade<\/strong>.<\/p>\n<\/div><\/div><\/div>\n<\/div><\/div>\n\n\n\n<div class=\"wp-block-stackable-columns stk-block-columns stk-block stk-2fadc5c\" data-block-id=\"2fadc5c\"><style>.stk-2fadc5c{margin-bottom:60px !important}<\/style><div class=\"stk-row stk-inner-blocks stk-block-content stk-content-align stk-2fadc5c-column\">\n<div class=\"wp-block-stackable-column stk-block-column stk-column stk-block stk-90c7137\" data-v=\"4\" data-block-id=\"90c7137\"><div class=\"stk-column-wrapper stk-block-column__content stk-container stk-90c7137-container stk--no-background stk--no-padding\"><div class=\"stk-block-content stk-inner-blocks stk-90c7137-inner-blocks\">\n<p class=\"has-text-align-center\"><img decoding=\"async\" width=\"83\" height=\"52\" class=\"wp-image-898\" style=\"width: 83px;\" src=\"https:\/\/osaltoempreender.com.br\/site\/wp-content\/uploads\/2024\/06\/icone_faturamento-webp.webp\" alt=\"\"><\/p>\n\n\n\n<p class=\"has-text-align-center\">O faturamento do MEI pode ser de<br><strong>at\u00e9 R$ 81 mil<\/strong>\u00a0por ano<\/p>\n<\/div><\/div><\/div>\n\n\n\n<div class=\"wp-block-stackable-column stk-block-column stk-column stk-block stk-410018b\" data-v=\"4\" data-block-id=\"410018b\"><div class=\"stk-column-wrapper stk-block-column__content stk-container stk-410018b-container stk--no-background stk--no-padding\"><div class=\"stk-block-content stk-inner-blocks stk-410018b-inner-blocks\">\n<p class=\"has-text-align-center\"><img decoding=\"async\" width=\"95\" height=\"53\" class=\"wp-image-903\" style=\"width: 95px;\" src=\"https:\/\/osaltoempreender.com.br\/site\/wp-content\/uploads\/2024\/06\/icone_caminhao-webp.webp\" alt=\"\"><\/p>\n\n\n\n<p class=\"has-text-align-center\">Para o\u00a0MEI transportador\u00a0aut\u00f4nomo, o valor anual \u00e9 de\u00a0<strong>at\u00e9 R$ 251,6 mil<\/strong><\/p>\n<\/div><\/div><\/div>\n\n\n\n<div class=\"wp-block-stackable-column stk-block-column stk-column stk-block stk-d23df3e\" data-v=\"4\" data-block-id=\"d23df3e\"><div class=\"stk-column-wrapper stk-block-column__content stk-container stk-d23df3e-container stk--no-background stk--no-padding\"><div class=\"stk-block-content stk-inner-blocks stk-d23df3e-inner-blocks\">\n<p class=\"has-text-align-center\"><img decoding=\"async\" width=\"81\" height=\"53\" class=\"wp-image-904\" style=\"width: 81px;\" src=\"https:\/\/osaltoempreender.com.br\/site\/wp-content\/uploads\/2024\/06\/icone_funcionario-webp.webp\" alt=\"\"><\/p>\n\n\n\n<p class=\"has-text-align-center\">O MEI pode\u00a0<strong>contratar at\u00e9 um funcion\u00e1rio<\/strong>\u00a0para auxiliar nas suas tarefas<\/p>\n<\/div><\/div><\/div>\n<\/div><\/div>\n\n\n\n<div class=\"wp-block-stackable-columns stk-block-columns stk-block stk-df09d29\" data-block-id=\"df09d29\"><div class=\"stk-row stk-inner-blocks stk-block-content stk-content-align stk-df09d29-column\">\n<div class=\"wp-block-stackable-column stk-block-column stk-column stk-block stk-740d115\" data-v=\"4\" data-block-id=\"740d115\"><style>@media screen and (min-width:768px){.stk-740d115{flex:var(--stk-flex-grow,1) 1 calc(50% - var(--stk-column-gap,0px) * 1 \/ 2 ) !important}}<\/style><div class=\"stk-column-wrapper stk-block-column__content stk-container stk-740d115-container stk--no-background stk--no-padding\"><div class=\"stk-block-content stk-inner-blocks stk-740d115-inner-blocks\">\n<h3 class=\"wp-block-heading\">Como se inscrever como MEI<\/h3>\n\n\n\n<p>A formaliza\u00e7\u00e3o \u00e9 gratuita e pode ser feita pelo&nbsp;<a rel=\"noreferrer noopener\" href=\"https:\/\/www.gov.br\/empresas-e-negocios\/pt-br\/empreendedor\" target=\"_blank\">Portal do Empreendedor<\/a>. Basta clicar em&nbsp;<a rel=\"noreferrer noopener\" href=\"https:\/\/www.gov.br\/empresas-e-negocios\/pt-br\/empreendedor\" target=\"_blank\">\u201cQuero ser\u201d<\/a>&nbsp;e, em seguida, selecionar&nbsp;<a rel=\"noreferrer noopener\" href=\"https:\/\/www.gov.br\/empresas-e-negocios\/pt-br\/empreendedor\" target=\"_blank\">\u201cFormalize-se\u201d&nbsp;ou&nbsp;\u201cGov.br\u201d<\/a>.<\/p>\n\n\n\n<p>Ao informar os dados da sua conta gov.br, voc\u00ea precisa estar com o n\u00edvel prata ou ouro (clique&nbsp;<a rel=\"noreferrer noopener\" href=\"https:\/\/confiabilidades.acesso.gov.br\/\" target=\"_blank\">aqui<\/a>&nbsp;para se cadastrar, consultar ou aumentar o n\u00edvel de sua conta). Na sequ\u00eancia, autorize o acesso aos seus dados pelo Portal do Empreendedor e preencha as informa\u00e7\u00f5es solicitadas, incluindo seus dados pessoais, telefone celular, nome da empresa, atividades que ir\u00e1 realizar e endere\u00e7o.<\/p>\n\n\n\n<p>Leia atentamente as informa\u00e7\u00f5es apresentadas e selecione todas as declara\u00e7\u00f5es obrigat\u00f3rias para o MEI. Ser\u00e1 emitido ent\u00e3o o Certificado de Condi\u00e7\u00e3o de Microempreendedor Individual (CCMEI), documento que comprova a inscri\u00e7\u00e3o como MEI, que j\u00e1 vir\u00e1 com o CNPJ e o n\u00famero do registro na Junta Comercial.<\/p>\n\n\n\n<p>\u00c9 v\u00e1lido saber que, apesar de n\u00e3o ser obrigat\u00f3rio, \u00e9 poss\u00edvel contar com a ajuda de empresas de contabilidade optantes pelo Simples Nacional espalhadas por todo Brasil. Elas podem realizar a formaliza\u00e7\u00e3o e fazer a primeira declara\u00e7\u00e3o anual sem cobrar nada!<\/p>\n<\/div><\/div><\/div>\n\n\n\n<div class=\"wp-block-stackable-column stk-block-column stk-column stk-block stk-f037de5\" data-v=\"4\" data-block-id=\"f037de5\"><style>@media screen and (min-width:768px){.stk-f037de5{flex:var(--stk-flex-grow,1) 1 calc(50% - var(--stk-column-gap,0px) * 1 \/ 2 ) !important}}<\/style><div class=\"stk-column-wrapper stk-block-column__content stk-container stk-f037de5-container stk--no-background stk--no-padding\"><div class=\"stk-block-content stk-inner-blocks stk-f037de5-inner-blocks\">\n<h3 class=\"wp-block-heading\">Nota fiscal, impostos e importa\u00e7\u00e3o<strong>\u00a0<\/strong><\/h3>\n\n\n\n<p>Assim como outras categorias de empreendedores, o MEI precisa emitir nota fiscal e declarar seu faturamento anual na Declara\u00e7\u00e3o Anual do Simples Nacional (DASN-Simei).&nbsp;<\/p>\n\n\n\n<p>Tem alguma d\u00favida sobre nota fiscal, como emitir?&nbsp;<a rel=\"noreferrer noopener\" href=\"https:\/\/www.sebrae.com.br\/sites\/PortalSebrae\/artigos\/nota-fiscal-obrigatoriedade-para-mei,c528423addb91510VgnVCM1000004c00210aRCRD\" target=\"_blank\">Saiba mais<\/a>.<\/p>\n\n\n\n<p>Com rela\u00e7\u00e3o aos impostos, mensalmente o MEI dever\u00e1 recolher o Documento de Arrecada\u00e7\u00e3o do Simples Nacional (DAS), que \u00e9 uma guia \u00fanica com todos os tributos devidos pelo MEI.<\/p>\n\n\n\n<p>O pagamento corresponde a:<\/p>\n\n\n\n<ul class=\"wp-block-list\">\n<li>INSS (contribui\u00e7\u00e3o previdenci\u00e1ria do empres\u00e1rio): 5% do sal\u00e1rio m\u00ednimo ou 12% se for MEI Caminhoneiro;<\/li>\n\n\n\n<li>R$ 1,00 (um real) de ICMS, se for com\u00e9rcio ou ind\u00fastria; e<\/li>\n\n\n\n<li>R$ 5,00 (cinco reais) de ISS, se for prestador de servi\u00e7o.<\/li>\n<\/ul>\n\n\n\n<p>Se quiser, ele pode importar produtos estrangeiros.&nbsp;<a rel=\"noreferrer noopener\" href=\"https:\/\/www.sebrae.com.br\/sites\/PortalSebrae\/artigos\/como-o-mei-deve-proceder-com-nota-fiscal-impostos-e-importacao,fc1a13074c0a3410VgnVCM1000003b74010aRCRD\" target=\"_blank\">Saiba mais<\/a>.<\/p>\n<\/div><\/div><\/div>\n<\/div><\/div>\n","protected":false},"excerpt":{"rendered":"<p>Voc\u00ea sabe o que \u00e9 MEI? Microempreendedor Individual (MEI)\u00a0\u00e9 a forma mais simples de o empreendedor se formalizar, com um CNPJ. Uma vez formalizado como MEI, o empres\u00e1rio pode emitir notas fiscais com facilidade, abrir uma conta empresarial e ter acesso \u00e0 empr\u00e9stimos com melhores taxas de juros. Al\u00e9m disso, pode contribuir para a aposentadoria [&hellip;]<\/p>\n","protected":false},"author":1,"featured_media":0,"parent":0,"menu_order":0,"comment_status":"closed","ping_status":"closed","template":"","meta":{"footnotes":""},"class_list":["post-845","page","type-page","status-publish","hentry"],"blocksy_meta":{"has_hero_section":"disabled","styles_descriptor":{"styles":{"desktop":"","tablet":"","mobile":""},"google_fonts":[],"version":6}},"yoast_head":"<!-- This site is optimized with the Yoast SEO plugin v22.9 - https:\/\/yoast.com\/wordpress\/plugins\/seo\/ -->\n<title>MEI - O Salto - Empreender \u00e9 o Caminho<\/title>\n<meta name=\"robots\" content=\"index, follow, max-snippet:-1, max-image-preview:large, max-video-preview:-1\" \/>\n<link rel=\"canonical\" href=\"https:\/\/osaltoempreender.com.br\/site\/mei\/\" \/>\n<meta property=\"og:locale\" content=\"pt_BR\" \/>\n<meta property=\"og:type\" content=\"article\" \/>\n<meta property=\"og:title\" content=\"MEI - O Salto - Empreender \u00e9 o Caminho\" \/>\n<meta property=\"og:description\" content=\"Voc\u00ea sabe o que \u00e9 MEI? Microempreendedor Individual (MEI)\u00a0\u00e9 a forma mais simples de o empreendedor se formalizar, com um CNPJ. Uma vez formalizado como MEI, o empres\u00e1rio pode emitir notas fiscais com facilidade, abrir uma conta empresarial e ter acesso \u00e0 empr\u00e9stimos com melhores taxas de juros. Al\u00e9m disso, pode contribuir para a aposentadoria [&hellip;]\" \/>\n<meta property=\"og:url\" content=\"https:\/\/osaltoempreender.com.br\/site\/mei\/\" \/>\n<meta property=\"og:site_name\" content=\"O Salto - Empreender \u00e9 o Caminho\" \/>\n<meta property=\"article:modified_time\" content=\"2024-06-17T16:50:27+00:00\" \/>\n<meta property=\"og:image\" content=\"https:\/\/osaltoempreender.com.br\/site\/wp-content\/uploads\/2024\/06\/Sebrai-pg-MEI-Headers-Formalizacao.png\" \/>\n<meta name=\"twitter:card\" content=\"summary_large_image\" \/>\n<meta name=\"twitter:site\" content=\"@ProgramaOSalto\" \/>\n<meta name=\"twitter:label1\" content=\"Est. tempo de leitura\" \/>\n\t<meta name=\"twitter:data1\" content=\"3 minutos\" \/>\n<script type=\"application\/ld+json\" class=\"yoast-schema-graph\">{\"@context\":\"https:\/\/schema.org\",\"@graph\":[{\"@type\":\"WebPage\",\"@id\":\"https:\/\/osaltoempreender.com.br\/site\/mei\/\",\"url\":\"https:\/\/osaltoempreender.com.br\/site\/mei\/\",\"name\":\"MEI - O Salto - Empreender \u00e9 o Caminho\",\"isPartOf\":{\"@id\":\"https:\/\/osaltoempreender.com.br\/site\/#website\"},\"primaryImageOfPage\":{\"@id\":\"https:\/\/osaltoempreender.com.br\/site\/mei\/#primaryimage\"},\"image\":{\"@id\":\"https:\/\/osaltoempreender.com.br\/site\/mei\/#primaryimage\"},\"thumbnailUrl\":\"https:\/\/osaltoempreender.com.br\/site\/wp-content\/uploads\/2024\/06\/Sebrai-pg-MEI-Headers-Formalizacao.png\",\"datePublished\":\"2024-06-16T21:44:54+00:00\",\"dateModified\":\"2024-06-17T16:50:27+00:00\",\"breadcrumb\":{\"@id\":\"https:\/\/osaltoempreender.com.br\/site\/mei\/#breadcrumb\"},\"inLanguage\":\"pt-BR\",\"potentialAction\":[{\"@type\":\"ReadAction\",\"target\":[\"https:\/\/osaltoempreender.com.br\/site\/mei\/\"]}]},{\"@type\":\"ImageObject\",\"inLanguage\":\"pt-BR\",\"@id\":\"https:\/\/osaltoempreender.com.br\/site\/mei\/#primaryimage\",\"url\":\"https:\/\/osaltoempreender.com.br\/site\/wp-content\/uploads\/2024\/06\/Sebrai-pg-MEI-Headers-Formalizacao.png\",\"contentUrl\":\"https:\/\/osaltoempreender.com.br\/site\/wp-content\/uploads\/2024\/06\/Sebrai-pg-MEI-Headers-Formalizacao.png\",\"width\":700,\"height\":400},{\"@type\":\"BreadcrumbList\",\"@id\":\"https:\/\/osaltoempreender.com.br\/site\/mei\/#breadcrumb\",\"itemListElement\":[{\"@type\":\"ListItem\",\"position\":1,\"name\":\"In\u00edcio\",\"item\":\"https:\/\/osaltoempreender.com.br\/site\/\"},{\"@type\":\"ListItem\",\"position\":2,\"name\":\"MEI\"}]},{\"@type\":\"WebSite\",\"@id\":\"https:\/\/osaltoempreender.com.br\/site\/#website\",\"url\":\"https:\/\/osaltoempreender.com.br\/site\/\",\"name\":\"O Salto - Empreender \u00e9 o Caminho\",\"description\":\"\",\"publisher\":{\"@id\":\"https:\/\/osaltoempreender.com.br\/site\/#organization\"},\"potentialAction\":[{\"@type\":\"SearchAction\",\"target\":{\"@type\":\"EntryPoint\",\"urlTemplate\":\"https:\/\/osaltoempreender.com.br\/site\/?s={search_term_string}\"},\"query-input\":\"required name=search_term_string\"}],\"inLanguage\":\"pt-BR\"},{\"@type\":\"Organization\",\"@id\":\"https:\/\/osaltoempreender.com.br\/site\/#organization\",\"name\":\"O Salto - Empreender \u00e9 o Caminho\",\"url\":\"https:\/\/osaltoempreender.com.br\/site\/\",\"logo\":{\"@type\":\"ImageObject\",\"inLanguage\":\"pt-BR\",\"@id\":\"https:\/\/osaltoempreender.com.br\/site\/#\/schema\/logo\/image\/\",\"url\":\"https:\/\/osaltoempreender.com.br\/site\/wp-content\/uploads\/2024\/06\/logo-topo.webp\",\"contentUrl\":\"https:\/\/osaltoempreender.com.br\/site\/wp-content\/uploads\/2024\/06\/logo-topo.webp\",\"width\":632,\"height\":200,\"caption\":\"O Salto - Empreender \u00e9 o Caminho\"},\"image\":{\"@id\":\"https:\/\/osaltoempreender.com.br\/site\/#\/schema\/logo\/image\/\"},\"sameAs\":[\"https:\/\/x.com\/ProgramaOSalto\",\"https:\/\/www.youtube.com\/@OSaltoEmpreender\",\"https:\/\/www.instagram.com\/osalto_empreender\/\"]}]}<\/script>\n<!-- \/ Yoast SEO plugin. -->","yoast_head_json":{"title":"MEI - O Salto - Empreender \u00e9 o Caminho","robots":{"index":"index","follow":"follow","max-snippet":"max-snippet:-1","max-image-preview":"max-image-preview:large","max-video-preview":"max-video-preview:-1"},"canonical":"https:\/\/osaltoempreender.com.br\/site\/mei\/","og_locale":"pt_BR","og_type":"article","og_title":"MEI - O Salto - Empreender \u00e9 o Caminho","og_description":"Voc\u00ea sabe o que \u00e9 MEI? Microempreendedor Individual (MEI)\u00a0\u00e9 a forma mais simples de o empreendedor se formalizar, com um CNPJ. Uma vez formalizado como MEI, o empres\u00e1rio pode emitir notas fiscais com facilidade, abrir uma conta empresarial e ter acesso \u00e0 empr\u00e9stimos com melhores taxas de juros. Al\u00e9m disso, pode contribuir para a aposentadoria [&hellip;]","og_url":"https:\/\/osaltoempreender.com.br\/site\/mei\/","og_site_name":"O Salto - Empreender \u00e9 o Caminho","article_modified_time":"2024-06-17T16:50:27+00:00","og_image":[{"url":"https:\/\/osaltoempreender.com.br\/site\/wp-content\/uploads\/2024\/06\/Sebrai-pg-MEI-Headers-Formalizacao.png"}],"twitter_card":"summary_large_image","twitter_site":"@ProgramaOSalto","twitter_misc":{"Est. tempo de leitura":"3 minutos"},"schema":{"@context":"https:\/\/schema.org","@graph":[{"@type":"WebPage","@id":"https:\/\/osaltoempreender.com.br\/site\/mei\/","url":"https:\/\/osaltoempreender.com.br\/site\/mei\/","name":"MEI - O Salto - Empreender \u00e9 o Caminho","isPartOf":{"@id":"https:\/\/osaltoempreender.com.br\/site\/#website"},"primaryImageOfPage":{"@id":"https:\/\/osaltoempreender.com.br\/site\/mei\/#primaryimage"},"image":{"@id":"https:\/\/osaltoempreender.com.br\/site\/mei\/#primaryimage"},"thumbnailUrl":"https:\/\/osaltoempreender.com.br\/site\/wp-content\/uploads\/2024\/06\/Sebrai-pg-MEI-Headers-Formalizacao.png","datePublished":"2024-06-16T21:44:54+00:00","dateModified":"2024-06-17T16:50:27+00:00","breadcrumb":{"@id":"https:\/\/osaltoempreender.com.br\/site\/mei\/#breadcrumb"},"inLanguage":"pt-BR","potentialAction":[{"@type":"ReadAction","target":["https:\/\/osaltoempreender.com.br\/site\/mei\/"]}]},{"@type":"ImageObject","inLanguage":"pt-BR","@id":"https:\/\/osaltoempreender.com.br\/site\/mei\/#primaryimage","url":"https:\/\/osaltoempreender.com.br\/site\/wp-content\/uploads\/2024\/06\/Sebrai-pg-MEI-Headers-Formalizacao.png","contentUrl":"https:\/\/osaltoempreender.com.br\/site\/wp-content\/uploads\/2024\/06\/Sebrai-pg-MEI-Headers-Formalizacao.png","width":700,"height":400},{"@type":"BreadcrumbList","@id":"https:\/\/osaltoempreender.com.br\/site\/mei\/#breadcrumb","itemListElement":[{"@type":"ListItem","position":1,"name":"In\u00edcio","item":"https:\/\/osaltoempreender.com.br\/site\/"},{"@type":"ListItem","position":2,"name":"MEI"}]},{"@type":"WebSite","@id":"https:\/\/osaltoempreender.com.br\/site\/#website","url":"https:\/\/osaltoempreender.com.br\/site\/","name":"O Salto - Empreender \u00e9 o Caminho","description":"","publisher":{"@id":"https:\/\/osaltoempreender.com.br\/site\/#organization"},"potentialAction":[{"@type":"SearchAction","target":{"@type":"EntryPoint","urlTemplate":"https:\/\/osaltoempreender.com.br\/site\/?s={search_term_string}"},"query-input":"required name=search_term_string"}],"inLanguage":"pt-BR"},{"@type":"Organization","@id":"https:\/\/osaltoempreender.com.br\/site\/#organization","name":"O Salto - Empreender \u00e9 o Caminho","url":"https:\/\/osaltoempreender.com.br\/site\/","logo":{"@type":"ImageObject","inLanguage":"pt-BR","@id":"https:\/\/osaltoempreender.com.br\/site\/#\/schema\/logo\/image\/","url":"https:\/\/osaltoempreender.com.br\/site\/wp-content\/uploads\/2024\/06\/logo-topo.webp","contentUrl":"https:\/\/osaltoempreender.com.br\/site\/wp-content\/uploads\/2024\/06\/logo-topo.webp","width":632,"height":200,"caption":"O Salto - Empreender \u00e9 o Caminho"},"image":{"@id":"https:\/\/osaltoempreender.com.br\/site\/#\/schema\/logo\/image\/"},"sameAs":["https:\/\/x.com\/ProgramaOSalto","https:\/\/www.youtube.com\/@OSaltoEmpreender","https:\/\/www.instagram.com\/osalto_empreender\/"]}]}},"_links":{"self":[{"href":"https:\/\/osaltoempreender.com.br\/site\/wp-json\/wp\/v2\/pages\/845","targetHints":{"allow":["GET"]}}],"collection":[{"href":"https:\/\/osaltoempreender.com.br\/site\/wp-json\/wp\/v2\/pages"}],"about":[{"href":"https:\/\/osaltoempreender.com.br\/site\/wp-json\/wp\/v2\/types\/page"}],"author":[{"embeddable":true,"href":"https:\/\/osaltoempreender.com.br\/site\/wp-json\/wp\/v2\/users\/1"}],"replies":[{"embeddable":true,"href":"https:\/\/osaltoempreender.com.br\/site\/wp-json\/wp\/v2\/comments?post=845"}],"version-history":[{"count":7,"href":"https:\/\/osaltoempreender.com.br\/site\/wp-json\/wp\/v2\/pages\/845\/revisions"}],"predecessor-version":[{"id":909,"href":"https:\/\/osaltoempreender.com.br\/site\/wp-json\/wp\/v2\/pages\/845\/revisions\/909"}],"wp:attachment":[{"href":"https:\/\/osaltoempreender.com.br\/site\/wp-json\/wp\/v2\/media?parent=845"}],"curies":[{"name":"wp","href":"https:\/\/api.w.org\/{rel}","templated":true}]}}