{"id":205,"date":"2024-02-12T16:52:23","date_gmt":"2024-02-12T19:52:23","guid":{"rendered":"https:\/\/osaltoempreender.com.br\/site\/?page_id=205"},"modified":"2025-01-27T09:33:42","modified_gmt":"2025-01-27T12:33:42","slug":"episodios","status":"publish","type":"page","link":"https:\/\/osaltoempreender.com.br\/site\/episodios\/","title":{"rendered":"Epis\u00f3dios"},"content":{"rendered":"\n<div class=\"wp-block-stackable-columns stk-block-columns stk-block stk-f44c00d\" data-block-id=\"f44c00d\"><div class=\"stk-row stk-inner-blocks stk-block-content stk-content-align stk-f44c00d-column\">\n<div class=\"wp-block-stackable-column stk-block-column stk-column stk-block stk-e7c1a72\" data-v=\"4\" data-block-id=\"e7c1a72\"><div class=\"stk-column-wrapper stk-block-column__content stk-container stk-e7c1a72-container stk--no-background stk--no-padding\"><div class=\"stk-block-content stk-inner-blocks stk-e7c1a72-inner-blocks\">\n<h2 class=\"wp-block-heading\">Vers\u00e3o original<\/h2>\n<\/div><\/div><\/div>\n\n\n\n<div class=\"wp-block-stackable-column stk-block-column stk-column stk-block stk-c7c1ba7\" data-v=\"4\" data-block-id=\"c7c1ba7\"><div class=\"stk-column-wrapper stk-block-column__content stk-container stk-c7c1ba7-container stk--no-background stk--no-padding\"><div class=\"stk-block-content stk-inner-blocks stk-c7c1ba7-inner-blocks\">\n<h2 class=\"wp-block-heading\">Vers\u00e3o com audiodescri\u00e7\u00e3o<\/h2>\n<\/div><\/div><\/div>\n<\/div><\/div>\n\n\n\n<div class=\"wp-block-stackable-columns stk-block-columns stk-block stk-fe9e4ca\" data-block-id=\"fe9e4ca\"><style>.stk-fe9e4ca{margin-bottom:100px !important}<\/style><div class=\"stk-row stk-inner-blocks stk-block-content stk-content-align stk-fe9e4ca-column\">\n<div class=\"wp-block-stackable-column stk-block-column stk-column stk-block stk-3b594cf\" data-v=\"4\" data-block-id=\"3b594cf\"><style>@media screen and (min-width:768px){.stk-3b594cf{flex:var(--stk-flex-grow,1) 1 calc(49.8% - var(--stk-column-gap,0px) * 1 \/ 2 ) !important}}<\/style><div class=\"stk-column-wrapper stk-block-column__content stk-container stk-3b594cf-container stk--no-background stk--no-padding\"><div class=\"stk-block-content stk-inner-blocks stk-3b594cf-inner-blocks\">\n<figure class=\"wp-block-embed is-type-video is-provider-youtube wp-block-embed-youtube wp-embed-aspect-16-9 wp-has-aspect-ratio\"><div class=\"wp-block-embed__wrapper\">\n<iframe title=\"O Salto - 25\/01\/2025\" width=\"1290\" height=\"726\" src=\"https:\/\/www.youtube.com\/embed\/wBXpFKC3BDU?start=2291&#038;feature=oembed\" frameborder=\"0\" allow=\"accelerometer; autoplay; clipboard-write; encrypted-media; gyroscope; picture-in-picture; web-share\" referrerpolicy=\"strict-origin-when-cross-origin\" allowfullscreen><\/iframe>\n<\/div><\/figure>\n<\/div><\/div><\/div>\n\n\n\n<div class=\"wp-block-stackable-column stk-block-column stk-column stk-block stk-92c2a04\" data-v=\"4\" data-block-id=\"92c2a04\"><style>@media screen and (min-width:768px){.stk-92c2a04{flex:var(--stk-flex-grow,1) 1 calc(50.2% - var(--stk-column-gap,0px) * 1 \/ 2 ) !important}}<\/style><div class=\"stk-column-wrapper stk-block-column__content stk-container stk-92c2a04-container stk--no-background stk--no-padding\"><div class=\"stk-block-content stk-inner-blocks stk-92c2a04-inner-blocks\">\n<figure class=\"wp-block-embed is-type-video is-provider-youtube wp-block-embed-youtube wp-embed-aspect-16-9 wp-has-aspect-ratio\"><div class=\"wp-block-embed__wrapper\">\n<iframe title=\"O Salto | Epis\u00f3dio 45 (com audiodescri\u00e7\u00e3o)\" width=\"1290\" height=\"726\" src=\"https:\/\/www.youtube.com\/embed\/gW0bFlQSX7E?feature=oembed\" frameborder=\"0\" allow=\"accelerometer; autoplay; clipboard-write; encrypted-media; gyroscope; picture-in-picture; web-share\" referrerpolicy=\"strict-origin-when-cross-origin\" allowfullscreen><\/iframe>\n<\/div><\/figure>\n<\/div><\/div><\/div>\n<\/div><\/div>\n\n\n\n<h4 class=\"wp-block-heading has-text-align-center\"><span style=\"color: var(--theme-palette-color-8, #ffffff);background-color: var(--theme-palette-color-2, #03428d)\" class=\"stk-highlight\">Navegue pelo arquivo de programas<\/span><\/h4>\n\n\n\n<div class=\"wp-block-stackable-columns stk-block-columns stk-block stk-15b4680\" data-block-id=\"15b4680\"><div class=\"stk-row stk-inner-blocks stk-block-content stk-content-align stk-15b4680-column\">\n<div class=\"wp-block-stackable-column stk-block-column stk-column stk-block stk-fe3e20f\" data-v=\"4\" data-block-id=\"fe3e20f\"><div class=\"stk-column-wrapper stk-block-column__content stk-container stk-fe3e20f-container stk--no-background stk--no-padding\"><div class=\"stk-block-content stk-inner-blocks stk-fe3e20f-inner-blocks\"><div class=\"yrc-shell-cover \" data-yrc-uid=\"69fb1a3e508ec\" data-yrc-channel=\"{&quot;meta&quot;:{&quot;user&quot;:&quot;O Salto | Empreender \\u00e9 o caminho&quot;,&quot;channel&quot;:&quot;UC7VRm2jXxKf19ArukDZpNEg&quot;,&quot;key&quot;:&quot;yrc_1711217005&quot;,&quot;apikey&quot;:&quot;AIzaSyDMIlws4IQkBnWNmB-jRbQFPE3FKoGQzIQ&quot;,&quot;cache&quot;:&quot;30&quot;,&quot;channel_uploads&quot;:&quot;UU7VRm2jXxKf19ArukDZpNEg&quot;,&quot;onlyonce&quot;:&quot;&quot;,&quot;tag&quot;:&quot;&quot;,&quot;per_page&quot;:&quot;24&quot;,&quot;maxv&quot;:&quot;500&quot;,&quot;consent&quot;:{&quot;ask&quot;:&quot;&quot;,&quot;url&quot;:&quot;&quot;},&quot;ads&quot;:&quot;1&quot;,&quot;uid&quot;:&quot;69fb1a3e508ec&quot;,&quot;nocookie&quot;:&quot;&quot;},&quot;style&quot;:{&quot;colors&quot;:{&quot;item&quot;:{&quot;background&quot;:&quot;inherit&quot;},&quot;button&quot;:{&quot;background&quot;:&quot;#333&quot;,&quot;color&quot;:&quot;#fff&quot;},&quot;color&quot;:{&quot;text&quot;:&quot;#fff&quot;,&quot;link&quot;:&quot;inherit&quot;,&quot;menu&quot;:&quot;#000&quot;,&quot;meta&quot;:&quot;inherit&quot;}},&quot;theme&quot;:{&quot;videos&quot;:{&quot;style&quot;:&quot;__grid&quot;,&quot;thumb&quot;:[&quot;large&quot;,&quot;open&quot;],&quot;desc&quot;:&quot;&quot;,&quot;carousel&quot;:{&quot;thumbs&quot;:&quot;4&quot;,&quot;thumbs_to_slide&quot;:&quot;2&quot;,&quot;spacing&quot;:&quot;8&quot;},&quot;carousel_nav&quot;:{&quot;modifier&quot;:&quot;__sides&quot;,&quot;position&quot;:&quot;left-none&quot;,&quot;location&quot;:&quot;prepend&quot;,&quot;background&quot;:&quot;#fff&quot;,&quot;color&quot;:&quot;#000&quot;,&quot;font_size&quot;:&quot;2&quot;,&quot;border_radius&quot;:&quot;0&quot;}},&quot;a&quot;:&quot;1&quot;},&quot;fit&quot;:&quot;false&quot;,&quot;playlists&quot;:&quot;true&quot;,&quot;uploads&quot;:&quot;&quot;,&quot;player_mode&quot;:&quot;1&quot;,&quot;truncate&quot;:&quot;&quot;,&quot;banner&quot;:&quot;&quot;,&quot;thumb_margin&quot;:&quot;8&quot;,&quot;play_icon&quot;:&quot;hover&quot;,&quot;youtube_play_icon&quot;:&quot;&quot;,&quot;thumb_image_size&quot;:&quot;medium&quot;,&quot;default_tab&quot;:&quot;uploads&quot;,&quot;sticky&quot;:{&quot;enable&quot;:&quot;&quot;,&quot;width&quot;:&quot;400&quot;,&quot;position&quot;:&quot;bottom-right&quot;,&quot;only_above&quot;:&quot;768&quot;,&quot;margin&quot;:&quot;12&quot;},&quot;player&quot;:{&quot;show_desc&quot;:&quot;&quot;,&quot;show_meta&quot;:&quot;&quot;},&quot;menu&quot;:&quot;1&quot;,&quot;rating_style&quot;:&quot;NaN&quot;,&quot;rtl&quot;:false}}\" data-yrc-setup=\"\"><\/div>\r\n\t\t\t<script data-cfasync=\"false\" type=\"text\/javascript\">\r\n\t\t\t\tif( !window.YRC ) var YRC = {Data:{}};\r\n\t\t\t\tYRC.Data[\"69fb1a3e508ec\"] = {\"playlists\":{\"yrc_error\":\"global, forbidden :- Permission denied: Consumer 'api_key:AIzaSyDMIlws4IQkBnWNmB-jRbQFPE3FKoGQzIQ' has been suspended.\",\"items\":[],\"fetched_at\":1778063898}};\r\n\t\t\t\t(function(){\r\n\t\t\t\t\tif(!YRC.loaded){\r\n\t\t\t\t\t    YRC.loaded = true;\r\n\t\t\t\t\t\tfunction YRC_Loader(){\r\n\t\t\t\t\t\t\t\/\/YRC.loaded = true;\r\n\t\t\t\t\t\t\tYRC.is_pro = false;\r\n\t\t\t\t\t\t\tYRC.is_pb = false;\r\n\t\t\t\t\t\t\tYRC.lang = {\"form\":{\"Videos\":\"Videos\",\"Playlists\":\"Playlists\",\"Search\":\"Search\",\"Loading\":\"Loading\",\"more\":\"more\",\"Nothing_found\":\"Nothing found\",\"Prev\":\"Previous\",\"Next\":\"Next\",\"consent_statement\":\"Allow cookies?\",\"consent_button\":\"Allow\",\"consent_privacy_policy\":\"Privacy policy\"},\"fui\":{\"sort_by\":\"Sort by\",\"relevant\":\"Relevant\",\"latest\":\"Latest\",\"liked\":\"Liked\",\"title\":\"Title\",\"views\":\"Views\",\"duration\":\"Duration\",\"any\":\"Any\",\"_short\":\"Short\",\"medium\":\"Medium\",\"_long\":\"Long\",\"uploaded\":\"Uploaded\",\"all_time\":\"All time\",\"live_now\":\"Live Now\",\"today\":\"Today\",\"ago\":\"ago\",\"last\":\"Last\",\"day\":\"day\",\"days\":\"days\",\"week\":\"week\",\"weeks\":\"weeks\",\"month\":\"month\",\"months\":\"months\",\"year\":\"year\",\"years\":\"years\",\"older\":\"Older\",\"show_more\":\"Show More\",\"show_less\":\"Show Less\",\"reply\":\"REPLY\",\"view_replies\":\"View replies\",\"write_comment\":\"Write comment...\",\"billion\":\"B\",\"million\":\"M\",\"thousand\":\"K\",\"max_plain_number\":1000,\"wplocale\":\"pt_BR\"}};\r\n\t\t\t\t\t\t\tYRC.is_admin = false;\r\n\t\t\t\t\t\t\tvar script = document.createElement(\"script\");\r\n\t\t\t\t\t\t\t\tscript.setAttribute(\"data-cfasync\", \"false\");\r\n\t\t\t\t\t\t\t\tscript.setAttribute(\"type\", \"text\/javascript\");\r\n\t\t\t\t\t\t\t\tscript.src = \"https:\/\/osaltoempreender.com.br\/site\/wp-content\/plugins\/yourchannel\/js\/yrc.js?1.2.8\";\r\n\t\t\t\t\t\t\t\tscript.id = \"yrc-script\";\r\n\t\t\t\t\t\t\t\tdocument.querySelector(\"head\").appendChild(script);\r\n\t\t\t\t\t\t\tvar style = document.createElement(\"link\");\r\n\t\t\t\t\t\t\t\tstyle.rel = \"stylesheet\";\r\n\t\t\t\t\t\t\t\tstyle.href = \"https:\/\/osaltoempreender.com.br\/site\/wp-content\/plugins\/yourchannel\/css\/style.css?1.2.8\";\r\n\t\t\t\t\t\t\t\tstyle.type = \"text\/css\";\r\n\t\t\t\t\t\t\t\tdocument.querySelector(\"head\").appendChild(style);\r\n\t\t\t\t\t\t}\r\n\t\t\t\t\t\tif(window.jQuery){YRC_Loader();}else { var yrctimer2324 = window.setInterval(function(){\r\n\t\t\t\t\t\t\tif(window.jQuery){YRC_Loader(); window.clearInterval(yrctimer2324); }\r\n\t\t\t\t\t\t}, 250);}\r\n\t\t\t\t\t} else {if(YRC.EM)YRC.EM.trigger(\"yrc.newchannel\");}\r\n\t\t\t\t}());<\/script>\n<\/div><\/div><\/div>\n<\/div><\/div>\n","protected":false},"excerpt":{"rendered":"<p>Vers\u00e3o original Vers\u00e3o com audiodescri\u00e7\u00e3o Navegue pelo arquivo de programas<\/p>\n","protected":false},"author":1,"featured_media":0,"parent":0,"menu_order":0,"comment_status":"closed","ping_status":"closed","template":"","meta":{"footnotes":""},"class_list":["post-205","page","type-page","status-publish","hentry"],"blocksy_meta":{"has_hero_section":"disabled","styles_descriptor":{"styles":{"desktop":"","tablet":"","mobile":""},"google_fonts":[],"version":6}},"yoast_head":"<!-- This site is optimized with the Yoast SEO plugin v22.9 - https:\/\/yoast.com\/wordpress\/plugins\/seo\/ -->\n<title>Epis\u00f3dios - O Salto - Empreender \u00e9 o Caminho<\/title>\n<meta name=\"robots\" content=\"index, follow, max-snippet:-1, max-image-preview:large, max-video-preview:-1\" \/>\n<link rel=\"canonical\" href=\"https:\/\/osaltoempreender.com.br\/site\/episodios\/\" \/>\n<meta property=\"og:locale\" content=\"pt_BR\" \/>\n<meta property=\"og:type\" content=\"article\" \/>\n<meta property=\"og:title\" content=\"Epis\u00f3dios - O Salto - Empreender \u00e9 o Caminho\" \/>\n<meta property=\"og:description\" content=\"Vers\u00e3o original Vers\u00e3o com audiodescri\u00e7\u00e3o Navegue pelo arquivo de programas\" \/>\n<meta property=\"og:url\" content=\"https:\/\/osaltoempreender.com.br\/site\/episodios\/\" \/>\n<meta property=\"og:site_name\" content=\"O Salto - Empreender \u00e9 o Caminho\" \/>\n<meta property=\"article:modified_time\" content=\"2025-01-27T12:33:42+00:00\" \/>\n<meta name=\"twitter:card\" content=\"summary_large_image\" \/>\n<meta name=\"twitter:site\" content=\"@ProgramaOSalto\" \/>\n<meta name=\"twitter:label1\" content=\"Est. tempo de leitura\" \/>\n\t<meta name=\"twitter:data1\" content=\"1 minuto\" \/>\n<script type=\"application\/ld+json\" class=\"yoast-schema-graph\">{\"@context\":\"https:\/\/schema.org\",\"@graph\":[{\"@type\":\"WebPage\",\"@id\":\"https:\/\/osaltoempreender.com.br\/site\/episodios\/\",\"url\":\"https:\/\/osaltoempreender.com.br\/site\/episodios\/\",\"name\":\"Epis\u00f3dios - O Salto - Empreender \u00e9 o Caminho\",\"isPartOf\":{\"@id\":\"https:\/\/osaltoempreender.com.br\/site\/#website\"},\"datePublished\":\"2024-02-12T19:52:23+00:00\",\"dateModified\":\"2025-01-27T12:33:42+00:00\",\"breadcrumb\":{\"@id\":\"https:\/\/osaltoempreender.com.br\/site\/episodios\/#breadcrumb\"},\"inLanguage\":\"pt-BR\",\"potentialAction\":[{\"@type\":\"ReadAction\",\"target\":[\"https:\/\/osaltoempreender.com.br\/site\/episodios\/\"]}]},{\"@type\":\"BreadcrumbList\",\"@id\":\"https:\/\/osaltoempreender.com.br\/site\/episodios\/#breadcrumb\",\"itemListElement\":[{\"@type\":\"ListItem\",\"position\":1,\"name\":\"In\u00edcio\",\"item\":\"https:\/\/osaltoempreender.com.br\/site\/\"},{\"@type\":\"ListItem\",\"position\":2,\"name\":\"Epis\u00f3dios\"}]},{\"@type\":\"WebSite\",\"@id\":\"https:\/\/osaltoempreender.com.br\/site\/#website\",\"url\":\"https:\/\/osaltoempreender.com.br\/site\/\",\"name\":\"O Salto - Empreender \u00e9 o Caminho\",\"description\":\"\",\"publisher\":{\"@id\":\"https:\/\/osaltoempreender.com.br\/site\/#organization\"},\"potentialAction\":[{\"@type\":\"SearchAction\",\"target\":{\"@type\":\"EntryPoint\",\"urlTemplate\":\"https:\/\/osaltoempreender.com.br\/site\/?s={search_term_string}\"},\"query-input\":\"required name=search_term_string\"}],\"inLanguage\":\"pt-BR\"},{\"@type\":\"Organization\",\"@id\":\"https:\/\/osaltoempreender.com.br\/site\/#organization\",\"name\":\"O Salto - Empreender \u00e9 o Caminho\",\"url\":\"https:\/\/osaltoempreender.com.br\/site\/\",\"logo\":{\"@type\":\"ImageObject\",\"inLanguage\":\"pt-BR\",\"@id\":\"https:\/\/osaltoempreender.com.br\/site\/#\/schema\/logo\/image\/\",\"url\":\"https:\/\/osaltoempreender.com.br\/site\/wp-content\/uploads\/2024\/06\/logo-topo.webp\",\"contentUrl\":\"https:\/\/osaltoempreender.com.br\/site\/wp-content\/uploads\/2024\/06\/logo-topo.webp\",\"width\":632,\"height\":200,\"caption\":\"O Salto - Empreender \u00e9 o Caminho\"},\"image\":{\"@id\":\"https:\/\/osaltoempreender.com.br\/site\/#\/schema\/logo\/image\/\"},\"sameAs\":[\"https:\/\/x.com\/ProgramaOSalto\",\"https:\/\/www.youtube.com\/@OSaltoEmpreender\",\"https:\/\/www.instagram.com\/osalto_empreender\/\"]}]}<\/script>\n<!-- \/ Yoast SEO plugin. -->","yoast_head_json":{"title":"Epis\u00f3dios - O Salto - Empreender \u00e9 o Caminho","robots":{"index":"index","follow":"follow","max-snippet":"max-snippet:-1","max-image-preview":"max-image-preview:large","max-video-preview":"max-video-preview:-1"},"canonical":"https:\/\/osaltoempreender.com.br\/site\/episodios\/","og_locale":"pt_BR","og_type":"article","og_title":"Epis\u00f3dios - O Salto - Empreender \u00e9 o Caminho","og_description":"Vers\u00e3o original Vers\u00e3o com audiodescri\u00e7\u00e3o Navegue pelo arquivo de programas","og_url":"https:\/\/osaltoempreender.com.br\/site\/episodios\/","og_site_name":"O Salto - Empreender \u00e9 o Caminho","article_modified_time":"2025-01-27T12:33:42+00:00","twitter_card":"summary_large_image","twitter_site":"@ProgramaOSalto","twitter_misc":{"Est. tempo de leitura":"1 minuto"},"schema":{"@context":"https:\/\/schema.org","@graph":[{"@type":"WebPage","@id":"https:\/\/osaltoempreender.com.br\/site\/episodios\/","url":"https:\/\/osaltoempreender.com.br\/site\/episodios\/","name":"Epis\u00f3dios - O Salto - Empreender \u00e9 o Caminho","isPartOf":{"@id":"https:\/\/osaltoempreender.com.br\/site\/#website"},"datePublished":"2024-02-12T19:52:23+00:00","dateModified":"2025-01-27T12:33:42+00:00","breadcrumb":{"@id":"https:\/\/osaltoempreender.com.br\/site\/episodios\/#breadcrumb"},"inLanguage":"pt-BR","potentialAction":[{"@type":"ReadAction","target":["https:\/\/osaltoempreender.com.br\/site\/episodios\/"]}]},{"@type":"BreadcrumbList","@id":"https:\/\/osaltoempreender.com.br\/site\/episodios\/#breadcrumb","itemListElement":[{"@type":"ListItem","position":1,"name":"In\u00edcio","item":"https:\/\/osaltoempreender.com.br\/site\/"},{"@type":"ListItem","position":2,"name":"Epis\u00f3dios"}]},{"@type":"WebSite","@id":"https:\/\/osaltoempreender.com.br\/site\/#website","url":"https:\/\/osaltoempreender.com.br\/site\/","name":"O Salto - Empreender \u00e9 o Caminho","description":"","publisher":{"@id":"https:\/\/osaltoempreender.com.br\/site\/#organization"},"potentialAction":[{"@type":"SearchAction","target":{"@type":"EntryPoint","urlTemplate":"https:\/\/osaltoempreender.com.br\/site\/?s={search_term_string}"},"query-input":"required name=search_term_string"}],"inLanguage":"pt-BR"},{"@type":"Organization","@id":"https:\/\/osaltoempreender.com.br\/site\/#organization","name":"O Salto - Empreender \u00e9 o Caminho","url":"https:\/\/osaltoempreender.com.br\/site\/","logo":{"@type":"ImageObject","inLanguage":"pt-BR","@id":"https:\/\/osaltoempreender.com.br\/site\/#\/schema\/logo\/image\/","url":"https:\/\/osaltoempreender.com.br\/site\/wp-content\/uploads\/2024\/06\/logo-topo.webp","contentUrl":"https:\/\/osaltoempreender.com.br\/site\/wp-content\/uploads\/2024\/06\/logo-topo.webp","width":632,"height":200,"caption":"O Salto - Empreender \u00e9 o Caminho"},"image":{"@id":"https:\/\/osaltoempreender.com.br\/site\/#\/schema\/logo\/image\/"},"sameAs":["https:\/\/x.com\/ProgramaOSalto","https:\/\/www.youtube.com\/@OSaltoEmpreender","https:\/\/www.instagram.com\/osalto_empreender\/"]}]}},"_links":{"self":[{"href":"https:\/\/osaltoempreender.com.br\/site\/wp-json\/wp\/v2\/pages\/205","targetHints":{"allow":["GET"]}}],"collection":[{"href":"https:\/\/osaltoempreender.com.br\/site\/wp-json\/wp\/v2\/pages"}],"about":[{"href":"https:\/\/osaltoempreender.com.br\/site\/wp-json\/wp\/v2\/types\/page"}],"author":[{"embeddable":true,"href":"https:\/\/osaltoempreender.com.br\/site\/wp-json\/wp\/v2\/users\/1"}],"replies":[{"embeddable":true,"href":"https:\/\/osaltoempreender.com.br\/site\/wp-json\/wp\/v2\/comments?post=205"}],"version-history":[{"count":51,"href":"https:\/\/osaltoempreender.com.br\/site\/wp-json\/wp\/v2\/pages\/205\/revisions"}],"predecessor-version":[{"id":1824,"href":"https:\/\/osaltoempreender.com.br\/site\/wp-json\/wp\/v2\/pages\/205\/revisions\/1824"}],"wp:attachment":[{"href":"https:\/\/osaltoempreender.com.br\/site\/wp-json\/wp\/v2\/media?parent=205"}],"curies":[{"name":"wp","href":"https:\/\/api.w.org\/{rel}","templated":true}]}}